{"id":6176,"date":"2026-03-24T12:47:18","date_gmt":"2026-03-24T12:47:18","guid":{"rendered":"https:\/\/dashohenp\u00e4hler.de\/?page_id=6176"},"modified":"2026-03-24T12:54:17","modified_gmt":"2026-03-24T12:54:17","slug":"impressum","status":"publish","type":"page","link":"https:\/\/dashohenp\u00e4hler.de\/?page_id=6176","title":{"rendered":"Impressum"},"content":{"rendered":"\t\t<div data-elementor-type=\"wp-page\" data-elementor-id=\"6176\" class=\"elementor elementor-6176\">\n\t\t\t\t<div class=\"elementor-element elementor-element-221b7658 e-flex e-con-boxed e-con e-parent\" data-id=\"221b7658\" data-element_type=\"container\" data-e-type=\"container\">\n\t\t\t\t\t<div class=\"e-con-inner\">\n\t\t<div class=\"elementor-element elementor-element-89651b2 e-con-full e-flex e-con e-child\" data-id=\"89651b2\" data-element_type=\"container\" data-e-type=\"container\">\n\t\t\t\t<div class=\"elementor-element elementor-element-235d0da9 elementor-widget__width-inherit elementor-widget elementor-widget-tastyc-section-heading-style-2\" data-id=\"235d0da9\" data-element_type=\"widget\" data-e-type=\"widget\" data-widget_type=\"tastyc-section-heading-style-2.default\">\n\t\t\t\t<div class=\"elementor-widget-container\">\n\t\t\t\t\t\n\t\t<!-- section heading -->\n\t\t\t\t<div class=\"title-box text-center\">\n\t\t\t\t\t\t<div class=\"suptitle\">\n\t\t\t\t<div class=\"icon-elem-svg\">\n\t\t\t\t\t<svg version=\"1.1\" id=\"Layer_1\" xmlns=\"http:\/\/www.w3.org\/2000\/svg\" xmlns:xlink=\"http:\/\/www.w3.org\/1999\/xlink\" x=\"0px\" y=\"0px\" viewBox=\"0 0 134.6 134.6\" enable-background=\"new 0 0 134.6 134.6\" xml:space=\"preserve\">\n\t\t\t\t\t\t<path fill=\"#E6B15F\" d=\"M67.3,134.6C60.2,96.8,38.1,74.5,0,67.4C37.9,60.4,60.3,38,67.3,0c7,38.1,29.4,60.3,67.3,67.3C96.6,74.3,74.3,96.6,67.3,134.6z\"\/>\n\t\t\t\t\t<\/svg>\n\t\t\t\t<\/div>\n\t\t\t\t<span >\n\t\t\t\t\tDas Hohenp\u00e4hler\t\t\t\t<\/span>\n\t\t\t\t<div class=\"icon-elem-svg\">\n\t\t\t\t\t<svg version=\"1.1\" id=\"Layer_1\" xmlns=\"http:\/\/www.w3.org\/2000\/svg\" xmlns:xlink=\"http:\/\/www.w3.org\/1999\/xlink\" x=\"0px\" y=\"0px\" viewBox=\"0 0 134.6 134.6\" enable-background=\"new 0 0 134.6 134.6\" xml:space=\"preserve\">\n\t\t\t\t\t\t<path fill=\"#E6B15F\" d=\"M67.3,134.6C60.2,96.8,38.1,74.5,0,67.4C37.9,60.4,60.3,38,67.3,0c7,38.1,29.4,60.3,67.3,67.3C96.6,74.3,74.3,96.6,67.3,134.6z\"\/>\n\t\t\t\t\t<\/svg>\n\t\t\t\t<\/div>\n\t\t\t<\/div>\n\t\t\t\t\t\t\t\t\t<h2 class=\"tst-title--h\">\n\t\t\t\t<span >\n\t\t\t\t\tImpressum\t\t\t\t<\/span>\n\t\t\t<\/h2>\n\t\t\t\t\t<\/div>\n\t\t\n\t\t\t\t\t\t<\/div>\n\t\t\t\t<\/div>\n\t\t\t\t<\/div>\n\t\t<div class=\"elementor-element elementor-element-65831339 e-con-full e-flex e-con e-child\" data-id=\"65831339\" data-element_type=\"container\" data-e-type=\"container\">\n\t\t<div class=\"elementor-element elementor-element-3f38a7d1 e-con-full e-flex e-con e-child\" data-id=\"3f38a7d1\" data-element_type=\"container\" data-e-type=\"container\">\n\t\t\t\t<div class=\"elementor-element elementor-element-47d7ef37 elementor-widget elementor-widget-text-editor\" data-id=\"47d7ef37\" data-element_type=\"widget\" data-e-type=\"widget\" data-widget_type=\"text-editor.default\">\n\t\t\t\t\t\t\t\t\tBevagna &amp; Mantuano GbR<br>\nDas Hohenp\u00e4hler<br>\nAm Hochschloss<br>\n82396 P\u00e4hl<br\nDeutschland\n<br>\n<br>\nE-Mail-Adresse: <a href=\"mailto:info@dashohenp\u00e4hler.de\">info@dashohenp\u00e4hler.de<\/a>\n<br>\nTelefon: 08808-9245176\t\t\t\t\t\t\t\t<\/div>\n\t\t\t\t<\/div>\n\t\t<div class=\"elementor-element elementor-element-4eddc942 e-con-full e-flex e-con e-child\" data-id=\"4eddc942\" data-element_type=\"container\" data-e-type=\"container\">\n\t\t\t\t<\/div>\n\t\t\t\t<\/div>\n\t\t\t\t\t<\/div>\n\t\t\t\t<\/div>\n\t\t\t\t<\/div>\n\t\t","protected":false},"excerpt":{"rendered":"<p>Das Hohenp\u00e4hler Impressum Bevagna &amp; Mantuano GbR Das Hohenp\u00e4hler Am Hochschloss 82396 P\u00e4hl<\/p>\n","protected":false},"author":1,"featured_media":0,"parent":0,"menu_order":0,"comment_status":"closed","ping_status":"closed","template":"template-layout-builder.php","meta":{"_acf_changed":true,"inline_featured_image":false,"footnotes":""},"class_list":["post-6176","page","type-page","status-publish","hentry"],"acf":[],"_links":{"self":[{"href":"https:\/\/dashohenp\u00e4hler.de\/index.php?rest_route=\/wp\/v2\/pages\/6176","targetHints":{"allow":["GET"]}}],"collection":[{"href":"https:\/\/dashohenp\u00e4hler.de\/index.php?rest_route=\/wp\/v2\/pages"}],"about":[{"href":"https:\/\/dashohenp\u00e4hler.de\/index.php?rest_route=\/wp\/v2\/types\/page"}],"author":[{"embeddable":true,"href":"https:\/\/dashohenp\u00e4hler.de\/index.php?rest_route=\/wp\/v2\/users\/1"}],"replies":[{"embeddable":true,"href":"https:\/\/dashohenp\u00e4hler.de\/index.php?rest_route=%2Fwp%2Fv2%2Fcomments&post=6176"}],"version-history":[{"count":3,"href":"https:\/\/dashohenp\u00e4hler.de\/index.php?rest_route=\/wp\/v2\/pages\/6176\/revisions"}],"predecessor-version":[{"id":6180,"href":"https:\/\/dashohenp\u00e4hler.de\/index.php?rest_route=\/wp\/v2\/pages\/6176\/revisions\/6180"}],"wp:attachment":[{"href":"https:\/\/dashohenp\u00e4hler.de\/index.php?rest_route=%2Fwp%2Fv2%2Fmedia&parent=6176"}],"curies":[{"name":"wp","href":"https:\/\/api.w.org\/{rel}","templated":true}]}}