{"id":6097,"date":"2026-03-24T09:53:33","date_gmt":"2026-03-24T09:53:33","guid":{"rendered":"https:\/\/dashohenp\u00e4hler.de\/?page_id=6097"},"modified":"2026-03-26T07:57:21","modified_gmt":"2026-03-26T07:57:21","slug":"home-2","status":"publish","type":"page","link":"https:\/\/dashohenp\u00e4hler.de\/","title":{"rendered":"Home neu"},"content":{"rendered":"\t\t<div data-elementor-type=\"wp-page\" data-elementor-id=\"6097\" class=\"elementor elementor-6097\">\n\t\t\t\t<div class=\"elementor-element elementor-element-83bed1e e-flex e-con-boxed e-con e-parent\" data-id=\"83bed1e\" data-element_type=\"container\" data-e-type=\"container\" data-settings=\"{&quot;background_background&quot;:&quot;classic&quot;}\">\n\t\t\t\t\t<div class=\"e-con-inner\">\n\t\t<div class=\"elementor-element elementor-element-a9346c0 e-con-full e-flex e-con e-child\" data-id=\"a9346c0\" data-element_type=\"container\" data-e-type=\"container\">\n\t\t\t\t<div class=\"elementor-element elementor-element-f5bf8ce elementor-widget__width-inherit elementor-widget elementor-widget-tastyc-section-heading-style-2\" data-id=\"f5bf8ce\" data-element_type=\"widget\" data-e-type=\"widget\" data-widget_type=\"tastyc-section-heading-style-2.default\">\n\t\t\t\t<div class=\"elementor-widget-container\">\n\t\t\t\t\t\n\t\t<!-- section heading -->\n\t\t\t\t<div class=\"title-box text-center\">\n\t\t\t\t\t\t<div class=\"suptitle\">\n\t\t\t\t<div class=\"icon-elem-svg\">\n\t\t\t\t\t<svg version=\"1.1\" id=\"Layer_1\" xmlns=\"http:\/\/www.w3.org\/2000\/svg\" xmlns:xlink=\"http:\/\/www.w3.org\/1999\/xlink\" x=\"0px\" y=\"0px\" viewBox=\"0 0 134.6 134.6\" enable-background=\"new 0 0 134.6 134.6\" xml:space=\"preserve\">\n\t\t\t\t\t\t<path fill=\"#E6B15F\" d=\"M67.3,134.6C60.2,96.8,38.1,74.5,0,67.4C37.9,60.4,60.3,38,67.3,0c7,38.1,29.4,60.3,67.3,67.3C96.6,74.3,74.3,96.6,67.3,134.6z\"\/>\n\t\t\t\t\t<\/svg>\n\t\t\t\t<\/div>\n\t\t\t\t<span >\n\t\t\t\t\tDas Hohenp\u00e4hler\t\t\t\t<\/span>\n\t\t\t\t<div class=\"icon-elem-svg\">\n\t\t\t\t\t<svg version=\"1.1\" id=\"Layer_1\" xmlns=\"http:\/\/www.w3.org\/2000\/svg\" xmlns:xlink=\"http:\/\/www.w3.org\/1999\/xlink\" x=\"0px\" y=\"0px\" viewBox=\"0 0 134.6 134.6\" enable-background=\"new 0 0 134.6 134.6\" xml:space=\"preserve\">\n\t\t\t\t\t\t<path fill=\"#E6B15F\" d=\"M67.3,134.6C60.2,96.8,38.1,74.5,0,67.4C37.9,60.4,60.3,38,67.3,0c7,38.1,29.4,60.3,67.3,67.3C96.6,74.3,74.3,96.6,67.3,134.6z\"\/>\n\t\t\t\t\t<\/svg>\n\t\t\t\t<\/div>\n\t\t\t<\/div>\n\t\t\t\t\t\t\t\t<\/div>\n\t\t\n\t\t\t\t\t\t<\/div>\n\t\t\t\t<\/div>\n\t\t\t\t<div class=\"elementor-element elementor-element-77ab435 elementor-widget__width-auto elementor-widget elementor-widget-heading\" data-id=\"77ab435\" data-element_type=\"widget\" data-e-type=\"widget\" data-widget_type=\"heading.default\">\n\t\t\t\t\t<h2 class=\"elementor-heading-title elementor-size-default\">Ihr kulinarischer R\u00fcckzugsort im idyllischen Golfclub Hohenp\u00e4hl<\/h2>\t\t\t\t<\/div>\n\t\t\t\t<\/div>\n\t\t<div class=\"elementor-element elementor-element-78c2d24 e-con-full e-flex e-con e-child\" data-id=\"78c2d24\" data-element_type=\"container\" data-e-type=\"container\">\n\t\t<div class=\"elementor-element elementor-element-e5e07cf e-con-full e-flex e-con e-child\" data-id=\"e5e07cf\" data-element_type=\"container\" data-e-type=\"container\">\n\t\t\t\t<div class=\"elementor-element elementor-element-2d9f171 elementor-widget elementor-widget-text-editor\" data-id=\"2d9f171\" data-element_type=\"widget\" data-e-type=\"widget\" data-widget_type=\"text-editor.default\">\n\t\t\t\t\t\t\t\t\t<p>Eingebettet in die sanfte Landschaft des Pfaffenwinkels erwartet Sie bei uns eine harmonische Verbindung aus italienischer Lebensfreude, regionaler Qualit\u00e4t und stilvollem Ambiente. Ob nach einer entspannten Golfrunde, f\u00fcr ein genussvolles Mittagessen oder einen stimmungsvollen Abend \u2013 \u201eDas Hohenp\u00e4hler\u201c ist der perfekte Ort, um sich verw\u00f6hnen zu lassen.<\/p>\t\t\t\t\t\t\t\t<\/div>\n\t\t<div class=\"elementor-element elementor-element-725d658 e-con-full e-flex e-con e-child\" data-id=\"725d658\" data-element_type=\"container\" data-e-type=\"container\">\n\t\t<div class=\"elementor-element elementor-element-f64d90a e-con-full e-flex e-con e-child\" data-id=\"f64d90a\" data-element_type=\"container\" data-e-type=\"container\">\n\t\t\t\t<div class=\"elementor-element elementor-element-3f3ec54 elementor-position-left elementor-vertical-align-middle elementor-widget elementor-widget-image-box\" data-id=\"3f3ec54\" data-element_type=\"widget\" data-e-type=\"widget\" data-widget_type=\"image-box.default\">\n\t\t\t\t\t<div class=\"elementor-image-box-wrapper\"><figure class=\"elementor-image-box-img\"><img fetchpriority=\"high\" decoding=\"async\" width=\"256\" height=\"256\" src=\"https:\/\/dashohenp\u00e4hler.de\/wp-content\/uploads\/2026\/03\/s-icon-6x.png\" class=\"attachment-full size-full wp-image-5795\" alt=\"\" srcset=\"https:\/\/dashohenp\u00e4hler.de\/wp-content\/uploads\/2026\/03\/s-icon-6x.png 256w, https:\/\/dashohenp\u00e4hler.de\/wp-content\/uploads\/2026\/03\/s-icon-6x-150x150.png 150w, https:\/\/dashohenp\u00e4hler.de\/wp-content\/uploads\/2026\/03\/s-icon-6x-100x100.png 100w\" sizes=\"(max-width: 256px) 100vw, 256px\" \/><\/figure><div class=\"elementor-image-box-content\"><h6 class=\"elementor-image-box-title\">authentische italienische Spezialit\u00e4ten<\/h6><\/div><\/div>\t\t\t\t<\/div>\n\t\t\t\t<div class=\"elementor-element elementor-element-89b0714 elementor-widget elementor-widget-text-editor\" data-id=\"89b0714\" data-element_type=\"widget\" data-e-type=\"widget\" data-widget_type=\"text-editor.default\">\n\t\t\t\t\t\t\t\t\t<p>Frisch zubereitet mit ausgew\u00e4hlten Zutaten und viel Liebe zum Detail. Von hausgemachter Pasta \u00fcber knusprige Pizzen bis hin zu feinen Fisch- und Fleischgerichten \u2013 jedes Gericht erz\u00e4hlt seine eigene kleine Geschichte aus Bella Italia.<\/p>\t\t\t\t\t\t\t\t<\/div>\n\t\t\t\t<\/div>\n\t\t<div class=\"elementor-element elementor-element-23ed58b e-con-full e-flex e-con e-child\" data-id=\"23ed58b\" data-element_type=\"container\" data-e-type=\"container\">\n\t\t\t\t<div class=\"elementor-element elementor-element-ea37fc5 elementor-position-left elementor-vertical-align-middle elementor-widget elementor-widget-image-box\" data-id=\"ea37fc5\" data-element_type=\"widget\" data-e-type=\"widget\" data-widget_type=\"image-box.default\">\n\t\t\t\t\t<div class=\"elementor-image-box-wrapper\"><figure class=\"elementor-image-box-img\"><img decoding=\"async\" width=\"256\" height=\"256\" src=\"https:\/\/dashohenp\u00e4hler.de\/wp-content\/uploads\/2026\/03\/s-icon-5x.png\" class=\"attachment-full size-full wp-image-5796\" alt=\"\" srcset=\"https:\/\/dashohenp\u00e4hler.de\/wp-content\/uploads\/2026\/03\/s-icon-5x.png 256w, https:\/\/dashohenp\u00e4hler.de\/wp-content\/uploads\/2026\/03\/s-icon-5x-150x150.png 150w, https:\/\/dashohenp\u00e4hler.de\/wp-content\/uploads\/2026\/03\/s-icon-5x-100x100.png 100w\" sizes=\"(max-width: 256px) 100vw, 256px\" \/><\/figure><div class=\"elementor-image-box-content\"><h6 class=\"elementor-image-box-title\">einzigartige Atmosph\u00e4re<\/h6><\/div><\/div>\t\t\t\t<\/div>\n\t\t\t\t<div class=\"elementor-element elementor-element-a01250d elementor-widget elementor-widget-text-editor\" data-id=\"a01250d\" data-element_type=\"widget\" data-e-type=\"widget\" data-widget_type=\"text-editor.default\">\n\t\t\t\t\t\t\t\t\t<p>Genie\u00dfen Sie den Blick ins Gr\u00fcne, die Ruhe der Natur und die herzliche Gastfreundschaft unseres Teams. Ob auf unserer sonnigen Terrasse oder im stilvoll eingerichteten Innenbereich \u2013 bei uns f\u00fchlen Sie sich vom ersten Moment an willkommen.<\/p>\t\t\t\t\t\t\t\t<\/div>\n\t\t\t\t<\/div>\n\t\t\t\t<\/div>\n\t\t\t\t<\/div>\n\t\t<div class=\"elementor-element elementor-element-db9d2c8 e-con-full e-flex e-con e-child\" data-id=\"db9d2c8\" data-element_type=\"container\" data-e-type=\"container\">\n\t\t\t\t<div class=\"elementor-element elementor-element-741c1e4 elementor-widget elementor-widget-tastyc-image-style-2\" data-id=\"741c1e4\" data-element_type=\"widget\" data-e-type=\"widget\" data-widget_type=\"tastyc-image-style-2.default\">\n\t\t\t\t<div class=\"elementor-widget-container\">\n\t\t\t\t\t\n\t\t<div class=\"tst-image-s-2\">\n\n\t\t\t<!-- image -->\n\t\t\t\t\t\t\t\t\t<div class=\"image-col img-size-sq\">\n\t\t\t\t<img decoding=\"async\" src=\"https:\/\/dashohenp\u00e4hler.de\/wp-content\/uploads\/2021\/05\/news-03.jpg\" alt=\"\">\n\t\t\t<\/div>\n\t\t\t\t\t\t\n\t\t\t\n\t\t<\/div>\n\n\t\t\t\t\t\t<\/div>\n\t\t\t\t<\/div>\n\t\t\t\t<\/div>\n\t\t\t\t<\/div>\n\t\t\t\t\t<\/div>\n\t\t\t\t<\/div>\n\t\t<div class=\"elementor-element elementor-element-3715526 e-flex e-con-boxed e-con e-parent\" data-id=\"3715526\" data-element_type=\"container\" data-e-type=\"container\">\n\t\t\t\t\t<div class=\"e-con-inner\">\n\t\t\t\t<div class=\"elementor-element elementor-element-b467cd0 elementor-absolute elementor-widget elementor-widget-heading\" data-id=\"b467cd0\" data-element_type=\"widget\" data-e-type=\"widget\" data-settings=\"{&quot;_position&quot;:&quot;absolute&quot;}\" data-widget_type=\"heading.default\">\n\t\t\t\t\t<h2 class=\"elementor-heading-title elementor-size-default\">Unser Men\u00fc<\/h2>\t\t\t\t<\/div>\n\t\t<div class=\"elementor-element elementor-element-8f569cc e-con-full e-flex e-con e-child\" data-id=\"8f569cc\" data-element_type=\"container\" data-e-type=\"container\">\n\t\t\t\t<div class=\"elementor-element elementor-element-c2569e9 elementor-widget elementor-widget-tastyc-section-heading-style-2\" data-id=\"c2569e9\" data-element_type=\"widget\" data-e-type=\"widget\" data-widget_type=\"tastyc-section-heading-style-2.default\">\n\t\t\t\t<div class=\"elementor-widget-container\">\n\t\t\t\t\t\n\t\t<!-- section heading -->\n\t\t\t\t<div class=\"title-box text-center\">\n\t\t\t\t\t\t<div class=\"suptitle\">\n\t\t\t\t<div class=\"icon-elem-svg\">\n\t\t\t\t\t<svg version=\"1.1\" id=\"Layer_1\" xmlns=\"http:\/\/www.w3.org\/2000\/svg\" xmlns:xlink=\"http:\/\/www.w3.org\/1999\/xlink\" x=\"0px\" y=\"0px\" viewBox=\"0 0 134.6 134.6\" enable-background=\"new 0 0 134.6 134.6\" xml:space=\"preserve\">\n\t\t\t\t\t\t<path fill=\"#E6B15F\" d=\"M67.3,134.6C60.2,96.8,38.1,74.5,0,67.4C37.9,60.4,60.3,38,67.3,0c7,38.1,29.4,60.3,67.3,67.3C96.6,74.3,74.3,96.6,67.3,134.6z\"\/>\n\t\t\t\t\t<\/svg>\n\t\t\t\t<\/div>\n\t\t\t\t<span >\n\t\t\t\t\tItalienisch genie\u00dfen\t\t\t\t<\/span>\n\t\t\t\t<div class=\"icon-elem-svg\">\n\t\t\t\t\t<svg version=\"1.1\" id=\"Layer_1\" xmlns=\"http:\/\/www.w3.org\/2000\/svg\" xmlns:xlink=\"http:\/\/www.w3.org\/1999\/xlink\" x=\"0px\" y=\"0px\" viewBox=\"0 0 134.6 134.6\" enable-background=\"new 0 0 134.6 134.6\" xml:space=\"preserve\">\n\t\t\t\t\t\t<path fill=\"#E6B15F\" d=\"M67.3,134.6C60.2,96.8,38.1,74.5,0,67.4C37.9,60.4,60.3,38,67.3,0c7,38.1,29.4,60.3,67.3,67.3C96.6,74.3,74.3,96.6,67.3,134.6z\"\/>\n\t\t\t\t\t<\/svg>\n\t\t\t\t<\/div>\n\t\t\t<\/div>\n\t\t\t\t\t\t\t\t\t<h2 class=\"tst-title--h\">\n\t\t\t\t<span >\n\t\t\t\t\tvon der Vorspeise bis zum Dessert\t\t\t\t<\/span>\n\t\t\t<\/h2>\n\t\t\t\t\t<\/div>\n\t\t\n\t\t\t\t\t\t<\/div>\n\t\t\t\t<\/div>\n\t\t\t\t<\/div>\n\t\t<div class=\"elementor-element elementor-element-9eabc43 e-con-full e-flex e-con e-child\" data-id=\"9eabc43\" data-element_type=\"container\" data-e-type=\"container\">\n\t\t<div class=\"elementor-element elementor-element-5a45fe8 e-con-full e-flex e-con e-child\" data-id=\"5a45fe8\" data-element_type=\"container\" data-e-type=\"container\">\n\t\t\t\t<div class=\"elementor-element elementor-element-a2f00b1 elementor-widget elementor-widget-tastyc-menu-selections\" data-id=\"a2f00b1\" data-element_type=\"widget\" data-e-type=\"widget\" data-widget_type=\"tastyc-menu-selections.default\">\n\t\t\t\t<div class=\"elementor-widget-container\">\n\t\t\t\t\t\n\t\t<div class=\"offer-block\">\n\t\t\t<div class=\"inner-box\">\n\t\t\t\t\t\t\t\t\t\t\t\t<div class=\"image\">\n\t\t\t\t\t<a href=\"https:\/\/dashohenp\u00e4hler.de\/?page_id=1040\">\n\t\t\t\t\t\t<img decoding=\"async\" src=\"https:\/\/dashohenp\u00e4hler.de\/wp-content\/uploads\/2026\/03\/cat-01-950x1330.jpg\" alt=\"Der genussvolle Start. Entdecken Sie Klassiker wie Vitello Tonnato, feine Aufschnitte oder mariniertes Gem\u00fcse, die den Gaumen perfekt auf das Men\u00fc einstimmen\">\n\t\t\t\t\t<\/a>\n\t\t\t\t<\/div>\n\t\t\t\t\t\t\t\t\t\t\t\t\t\t\t\t<a href=\"https:\/\/dashohenp\u00e4hler.de\/?page_id=1040\" class=\"h3\">\n\t\t\t\t\t<span >\n\t\t\t\t\t\tVorspeisen\t\t\t\t\t<\/span>\n\t\t\t\t<\/a>\n\t\t\t\t\t\t\t\t\t\t\t\t<div class=\"des\">\n\t\t\t\t\t<span >\n\t\t\t\t\t\tDer genussvolle Start. Entdecken Sie Klassiker wie Vitello Tonnato, feine Aufschnitte oder mariniertes Gem\u00fcse, die den Gaumen perfekt auf das Men\u00fc einstimmen\t\t\t\t\t<\/span>\n\t\t\t\t<\/div>\n\t\t\t\t\t\t\t\t\t\t\t\t<div class=\"more-link\">\n\t\t\t\t\t<a href=\"https:\/\/dashohenp\u00e4hler.de\/?page_id=1040\">\n\t\t\t\t\t\t<span >\n\t\t\t\t\t\t\tunsere Speisekarte\t\t\t\t\t\t<\/span>\n\t\t\t\t\t<\/a>\n\t\t\t\t<\/div>\n\t\t\t\t\t\t\t<\/div>\n\t\t<\/div>\n\n\t\t\t\t\t\t<\/div>\n\t\t\t\t<\/div>\n\t\t\t\t<\/div>\n\t\t<div class=\"elementor-element elementor-element-7030b02 e-con-full e-flex e-con e-child\" data-id=\"7030b02\" data-element_type=\"container\" data-e-type=\"container\">\n\t\t\t\t<div class=\"elementor-element elementor-element-b8131f5 elementor-widget elementor-widget-tastyc-menu-selections\" data-id=\"b8131f5\" data-element_type=\"widget\" data-e-type=\"widget\" data-widget_type=\"tastyc-menu-selections.default\">\n\t\t\t\t<div class=\"elementor-widget-container\">\n\t\t\t\t\t\n\t\t<div class=\"offer-block\">\n\t\t\t<div class=\"inner-box\">\n\t\t\t\t\t\t\t\t\t\t\t\t<div class=\"image\">\n\t\t\t\t\t<a href=\"https:\/\/dashohenp\u00e4hler.de\/?page_id=1040\">\n\t\t\t\t\t\t<img decoding=\"async\" src=\"https:\/\/dashohenp\u00e4hler.de\/wp-content\/uploads\/2026\/03\/cat-02-950x1188.jpg\" alt=\"Genie\u00dfen Sie hausgemachte Pasta oder erlesene Fleisch- und Fischspezialit\u00e4ten.\">\n\t\t\t\t\t<\/a>\n\t\t\t\t<\/div>\n\t\t\t\t\t\t\t\t\t\t\t\t\t\t\t\t<a href=\"https:\/\/dashohenp\u00e4hler.de\/?page_id=1040\" class=\"h3\">\n\t\t\t\t\t<span >\n\t\t\t\t\t\tPasta &amp; Passion\t\t\t\t\t<\/span>\n\t\t\t\t<\/a>\n\t\t\t\t\t\t\t\t\t\t\t\t<div class=\"des\">\n\t\t\t\t\t<span >\n\t\t\t\t\t\tGenie\u00dfen Sie hausgemachte Pasta oder erlesene Fleisch- und Fischspezialit\u00e4ten.\t\t\t\t\t<\/span>\n\t\t\t\t<\/div>\n\t\t\t\t\t\t\t\t\t\t\t\t<div class=\"more-link\">\n\t\t\t\t\t<a href=\"https:\/\/dashohenp\u00e4hler.de\/?page_id=1040\">\n\t\t\t\t\t\t<span >\n\t\t\t\t\t\t\tunsere Speisekarte\t\t\t\t\t\t<\/span>\n\t\t\t\t\t<\/a>\n\t\t\t\t<\/div>\n\t\t\t\t\t\t\t<\/div>\n\t\t<\/div>\n\n\t\t\t\t\t\t<\/div>\n\t\t\t\t<\/div>\n\t\t\t\t<\/div>\n\t\t<div class=\"elementor-element elementor-element-f730ee8 e-con-full e-flex e-con e-child\" data-id=\"f730ee8\" data-element_type=\"container\" data-e-type=\"container\">\n\t\t\t\t<div class=\"elementor-element elementor-element-3be7e98 elementor-widget elementor-widget-tastyc-menu-selections\" data-id=\"3be7e98\" data-element_type=\"widget\" data-e-type=\"widget\" data-widget_type=\"tastyc-menu-selections.default\">\n\t\t\t\t<div class=\"elementor-widget-container\">\n\t\t\t\t\t\n\t\t<div class=\"offer-block\">\n\t\t\t<div class=\"inner-box\">\n\t\t\t\t\t\t\t\t\t\t\t\t<div class=\"image\">\n\t\t\t\t\t<a href=\"https:\/\/dashohenp\u00e4hler.de\/?page_id=1040\">\n\t\t\t\t\t\t<img decoding=\"async\" src=\"https:\/\/dashohenp\u00e4hler.de\/wp-content\/uploads\/2026\/03\/cat-03-950x1188.jpg\" alt=\"Das s\u00fc\u00dfe Finale. Ob luftiges Tiramisu oder zartschmelzende Panna Cotta \u2013 unsere Desserts runden Ihr kulinarisches Erlebnis harmonisch ab.\">\n\t\t\t\t\t<\/a>\n\t\t\t\t<\/div>\n\t\t\t\t\t\t\t\t\t\t\t\t\t\t\t\t<a href=\"https:\/\/dashohenp\u00e4hler.de\/?page_id=1040\" class=\"h3\">\n\t\t\t\t\t<span >\n\t\t\t\t\t\tDolci\t\t\t\t\t<\/span>\n\t\t\t\t<\/a>\n\t\t\t\t\t\t\t\t\t\t\t\t<div class=\"des\">\n\t\t\t\t\t<span >\n\t\t\t\t\t\tDas s\u00fc\u00dfe Finale. Ob luftiges Tiramisu oder zartschmelzende Panna Cotta \u2013 unsere Desserts runden Ihr kulinarisches Erlebnis harmonisch ab.\t\t\t\t\t<\/span>\n\t\t\t\t<\/div>\n\t\t\t\t\t\t\t\t\t\t\t\t<div class=\"more-link\">\n\t\t\t\t\t<a href=\"https:\/\/dashohenp\u00e4hler.de\/?page_id=1040\">\n\t\t\t\t\t\t<span >\n\t\t\t\t\t\t\tunsere Speisekarte\t\t\t\t\t\t<\/span>\n\t\t\t\t\t<\/a>\n\t\t\t\t<\/div>\n\t\t\t\t\t\t\t<\/div>\n\t\t<\/div>\n\n\t\t\t\t\t\t<\/div>\n\t\t\t\t<\/div>\n\t\t\t\t<\/div>\n\t\t\t\t<\/div>\n\t\t\t\t\t<\/div>\n\t\t\t\t<\/div>\n\t\t<div class=\"elementor-element elementor-element-77e6352 e-flex e-con-boxed e-con e-parent\" data-id=\"77e6352\" data-element_type=\"container\" data-e-type=\"container\">\n\t\t\t\t\t<div class=\"e-con-inner\">\n\t\t<div class=\"elementor-element elementor-element-b792dcf e-con-full e-flex e-con e-child\" data-id=\"b792dcf\" data-element_type=\"container\" data-e-type=\"container\" data-settings=\"{&quot;background_background&quot;:&quot;classic&quot;}\">\n\t\t<div class=\"elementor-element elementor-element-8adb04c e-con-full e-flex e-con e-child\" data-id=\"8adb04c\" data-element_type=\"container\" data-e-type=\"container\">\n\t\t\t\t<div class=\"elementor-element elementor-element-8b78470 elementor-widget elementor-widget-tastyc-section-heading-style-2\" data-id=\"8b78470\" data-element_type=\"widget\" data-e-type=\"widget\" data-widget_type=\"tastyc-section-heading-style-2.default\">\n\t\t\t\t<div class=\"elementor-widget-container\">\n\t\t\t\t\t\n\t\t<!-- section heading -->\n\t\t\t\t<div class=\"title-box text-center\">\n\t\t\t\t\t\t<div class=\"suptitle\">\n\t\t\t\t<div class=\"icon-elem-svg\">\n\t\t\t\t\t<svg version=\"1.1\" id=\"Layer_1\" xmlns=\"http:\/\/www.w3.org\/2000\/svg\" xmlns:xlink=\"http:\/\/www.w3.org\/1999\/xlink\" x=\"0px\" y=\"0px\" viewBox=\"0 0 134.6 134.6\" enable-background=\"new 0 0 134.6 134.6\" xml:space=\"preserve\">\n\t\t\t\t\t\t<path fill=\"#E6B15F\" d=\"M67.3,134.6C60.2,96.8,38.1,74.5,0,67.4C37.9,60.4,60.3,38,67.3,0c7,38.1,29.4,60.3,67.3,67.3C96.6,74.3,74.3,96.6,67.3,134.6z\"\/>\n\t\t\t\t\t<\/svg>\n\t\t\t\t<\/div>\n\t\t\t\t<span >\n\t\t\t\t\tOnline Reservation\t\t\t\t<\/span>\n\t\t\t\t<div class=\"icon-elem-svg\">\n\t\t\t\t\t<svg version=\"1.1\" id=\"Layer_1\" xmlns=\"http:\/\/www.w3.org\/2000\/svg\" xmlns:xlink=\"http:\/\/www.w3.org\/1999\/xlink\" x=\"0px\" y=\"0px\" viewBox=\"0 0 134.6 134.6\" enable-background=\"new 0 0 134.6 134.6\" xml:space=\"preserve\">\n\t\t\t\t\t\t<path fill=\"#E6B15F\" d=\"M67.3,134.6C60.2,96.8,38.1,74.5,0,67.4C37.9,60.4,60.3,38,67.3,0c7,38.1,29.4,60.3,67.3,67.3C96.6,74.3,74.3,96.6,67.3,134.6z\"\/>\n\t\t\t\t\t<\/svg>\n\t\t\t\t<\/div>\n\t\t\t<\/div>\n\t\t\t\t\t\t\t\t\t<h2 class=\"tst-title--h\">\n\t\t\t\t<span >\n\t\t\t\t\tReservierung\t\t\t\t<\/span>\n\t\t\t<\/h2>\n\t\t\t\t\t<\/div>\n\t\t\n\t\t\t\t\t\t<\/div>\n\t\t\t\t<\/div>\n\t\t\t\t<\/div>\n\t\t\t\t<div class=\"elementor-element elementor-element-8ef19e2 elementor-widget elementor-widget-tastyc-contact-form\" data-id=\"8ef19e2\" data-element_type=\"widget\" data-e-type=\"widget\" data-widget_type=\"tastyc-contact-form.default\">\n\t\t\t\t<div class=\"elementor-widget-container\">\n\t\t\t\t\t\n\t\t<!-- container -->\n\t\t<div class=\"container\">\n\n\t\t\t<div class=\"row\">\n\n\t\t\t  \n          \t                <div class=\"col-lg-12\">\n                \n<div class=\"wpcf7 no-js\" id=\"wpcf7-f6065-o1\" lang=\"en-US\" dir=\"ltr\" data-wpcf7-id=\"6065\">\n<div class=\"screen-reader-response\"><p role=\"status\" aria-live=\"polite\" aria-atomic=\"true\"><\/p> <ul><\/ul><\/div>\n<form action=\"\/index.php?rest_route=%2Fwp%2Fv2%2Fpages%2F6097#wpcf7-f6065-o1\" method=\"post\" class=\"wpcf7-form init\" aria-label=\"Contact form\" novalidate=\"novalidate\" data-status=\"init\">\n<fieldset class=\"hidden-fields-container\"><input type=\"hidden\" name=\"_wpcf7\" value=\"6065\" \/><input type=\"hidden\" name=\"_wpcf7_version\" value=\"6.1.5\" \/><input type=\"hidden\" name=\"_wpcf7_locale\" value=\"en_US\" \/><input type=\"hidden\" name=\"_wpcf7_unit_tag\" value=\"wpcf7-f6065-o1\" \/><input type=\"hidden\" name=\"_wpcf7_container_post\" value=\"0\" \/><input type=\"hidden\" name=\"_wpcf7_posted_data_hash\" value=\"\" \/>\n<\/fieldset>\n<div class=\"row reserve-holder\">\n\n<div class=\"col-md-4\">    \n<label> Name*<\/label><span class=\"wpcf7-form-control-wrap\" data-name=\"your-name\"><input size=\"40\" maxlength=\"400\" class=\"wpcf7-form-control wpcf7-text wpcf7-validates-as-required comm-field\" aria-required=\"true\" aria-invalid=\"false\" value=\"\" type=\"text\" name=\"your-name\" \/><\/span> \n<\/div>\n<div class=\"col-md-4\"> \n<label> Email* <\/label> <span class=\"wpcf7-form-control-wrap\" data-name=\"your-email\"><input size=\"40\" maxlength=\"400\" class=\"wpcf7-form-control wpcf7-email wpcf7-validates-as-required wpcf7-text wpcf7-validates-as-email comm-field\" aria-required=\"true\" aria-invalid=\"false\" value=\"\" type=\"email\" name=\"your-email\" \/><\/span>\n<\/div>\n<div class=\"col-md-4\"> \n<label> Telefon*<\/label> <span class=\"wpcf7-form-control-wrap\" data-name=\"your-phone\"><input size=\"40\" maxlength=\"20\" minlength=\"10\" class=\"wpcf7-form-control wpcf7-tel wpcf7-validates-as-required wpcf7-text wpcf7-validates-as-tel comm-field\" aria-required=\"true\" aria-invalid=\"false\" value=\"\" type=\"tel\" name=\"your-phone\" \/><\/span> \n<\/div>\n\n<\/div>\n\n<div class=\"row reserve-holder\">\n\n<div class=\"col-md-4\">\n<label> Datum*<\/label> <span class=\"wpcf7-form-control-wrap\" data-name=\"your-date\"><input class=\"wpcf7-form-control wpcf7-date wpcf7-validates-as-required wpcf7-validates-as-date datepicker comm-field\" id=\"datemonday\" min=\"2026-04-16\" aria-required=\"true\" aria-invalid=\"false\" value=\"2026-04-16\" type=\"date\" name=\"your-date\" \/><\/span>\n<\/div>\n\n<div class=\"col-md-4\">\n<label> Uhrzeit*<\/label> <span class=\"wpcf7-form-control-wrap\" data-name=\"your-time\"><select class=\"wpcf7-form-control wpcf7-select wpcf7-validates-as-required comm-field\" aria-required=\"true\" aria-invalid=\"false\" name=\"your-time\"><option value=\"11:30\">11:30<\/option><option value=\"12:00\">12:00<\/option><option value=\"12:30\">12:30<\/option><option value=\"13:00\">13:00<\/option><option value=\"13:30\">13:30<\/option><option value=\"14:00\">14:00<\/option><option value=\"14:30\">14:30<\/option><option value=\"15:00\">15:00<\/option><option value=\"15:30\">15:30<\/option><option value=\"16:00\">16:00<\/option><option value=\"16:30\">16:30<\/option><option value=\"17:00\">17:00<\/option><option value=\"17:30\">17:30<\/option><option value=\"18:00\">18:00<\/option><option value=\"18:30\">18:30<\/option><option value=\"19:00\">19:00<\/option><option value=\"19:30\">19:30<\/option><option value=\"20:00\">20:00<\/option><option value=\"20:30\">20:30<\/option><option value=\"21:00\">21:00<\/option><\/select><\/span> \n<\/div>\n\n\n<div class=\"col-md-4\"> \n<label> Personen*<\/label> <span class=\"wpcf7-form-control-wrap\" data-name=\"your-seats\"><input size=\"40\" maxlength=\"400\" class=\"wpcf7-form-control wpcf7-text wpcf7-validates-as-required comm-field\" aria-required=\"true\" aria-invalid=\"false\" value=\"\" type=\"text\" name=\"your-seats\" \/><\/span> \n<\/div>\n\n<\/div>\n\n<label> besondere W\u00fcnsche<\/label> <span class=\"wpcf7-form-control-wrap\" data-name=\"your-message\"><textarea cols=\"40\" rows=\"4\" maxlength=\"2000\" class=\"wpcf7-form-control wpcf7-textarea\" id=\"msg-contact\" aria-invalid=\"false\" name=\"your-message\"><\/textarea><\/span>\n<input class=\"wpcf7-form-control wpcf7-submit has-spinner\" type=\"submit\" value=\"Jetzt reservieren\" \/>\n<\/p><div class=\"wpcf7-response-output\" aria-hidden=\"true\"><\/div>\n<\/form>\n<\/div>\n              <\/div>\n              \n            <\/div>\n\n        <\/div>\n\n\t\t<!-- container end -->\n\n\t\t\t\t\t\t<\/div>\n\t\t\t\t<\/div>\n\t\t\t\t<\/div>\n\t\t\t\t\t<\/div>\n\t\t\t\t<\/div>\n\t\t\t\t<\/div>\n\t\t","protected":false},"excerpt":{"rendered":"<p>Das Hohenp\u00e4hler Ihr kulinarischer R\u00fcckzugsort im idyllischen Golfclub Hohenp\u00e4hl Eingebettet in die sanfte Landschaft des Pfaffenwinkels erwartet Sie bei uns eine harmonische Verbindung aus italienischer Lebensfreude, regionaler Qualit\u00e4t und stilvollem Ambiente. Ob nach einer entspannten Golfrunde, f\u00fcr ein genussvolles Mittagessen oder einen stimmungsvollen Abend \u2013 \u201eDas Hohenp\u00e4hler\u201c ist der perfekte Ort, um sich verw\u00f6hnen zu lassen. authentische italienische Spezialit\u00e4ten Frisch&#8230; <span class=\"tst-el-more\"><a href=\"https:\/\/dashohenp\u00e4hler.de\/\" class=\"tst-label tst-color tst-anima-link\">Read more<span class=\"screen-reader-text\">Read moreHome neu<\/span><\/a><\/span><\/p>\n","protected":false},"author":1,"featured_media":0,"parent":0,"menu_order":0,"comment_status":"closed","ping_status":"closed","template":"template-layout-builder.php","meta":{"_acf_changed":false,"inline_featured_image":false,"footnotes":""},"class_list":["post-6097","page","type-page","status-publish","hentry"],"acf":[],"_links":{"self":[{"href":"https:\/\/dashohenp\u00e4hler.de\/index.php?rest_route=\/wp\/v2\/pages\/6097","targetHints":{"allow":["GET"]}}],"collection":[{"href":"https:\/\/dashohenp\u00e4hler.de\/index.php?rest_route=\/wp\/v2\/pages"}],"about":[{"href":"https:\/\/dashohenp\u00e4hler.de\/index.php?rest_route=\/wp\/v2\/types\/page"}],"author":[{"embeddable":true,"href":"https:\/\/dashohenp\u00e4hler.de\/index.php?rest_route=\/wp\/v2\/users\/1"}],"replies":[{"embeddable":true,"href":"https:\/\/dashohenp\u00e4hler.de\/index.php?rest_route=%2Fwp%2Fv2%2Fcomments&post=6097"}],"version-history":[{"count":20,"href":"https:\/\/dashohenp\u00e4hler.de\/index.php?rest_route=\/wp\/v2\/pages\/6097\/revisions"}],"predecessor-version":[{"id":6230,"href":"https:\/\/dashohenp\u00e4hler.de\/index.php?rest_route=\/wp\/v2\/pages\/6097\/revisions\/6230"}],"wp:attachment":[{"href":"https:\/\/dashohenp\u00e4hler.de\/index.php?rest_route=%2Fwp%2Fv2%2Fmedia&parent=6097"}],"curies":[{"name":"wp","href":"https:\/\/api.w.org\/{rel}","templated":true}]}}